{"id":1297,"date":"2020-04-30T02:20:12","date_gmt":"2020-04-30T02:20:12","guid":{"rendered":"http:\/\/www.acone.com.br\/?page_id=1297"},"modified":"2024-07-09T12:39:16","modified_gmt":"2024-07-09T12:39:16","slug":"media-complexidade","status":"publish","type":"page","link":"https:\/\/www.acone.com.br\/?page_id=1297","title":{"rendered":"M\u00e9dia Complexidade"},"content":{"rendered":"<p>[et_pb_section fb_built=&#8221;1&#8243; custom_padding_last_edited=&#8221;on|desktop&#8221; next_background_color=&#8221;#ffffff&#8221; admin_label=&#8221;Header&#8221; _builder_version=&#8221;4.16&#8243; use_background_color_gradient=&#8221;on&#8221; background_color_gradient_direction=&#8221;130deg&#8221; background_color_gradient_stops=&#8221;#003e3e 25%|#008b8b 100%&#8221; background_color_gradient_start=&#8221;#003e3e&#8221; background_color_gradient_start_position=&#8221;25%&#8221; background_color_gradient_end=&#8221;#008b8b&#8221; background_image=&#8221;http:\/\/www.acone.com.br\/wp-content\/uploads\/2020\/04\/marketing-bg6-2048&#215;1076-2.png&#8221; parallax=&#8221;on&#8221; custom_padding=&#8221;7vw||10vw||false|false&#8221; custom_padding_tablet=&#8221;100px||100px||true&#8221; custom_padding_phone=&#8221;||||true&#8221; bottom_divider_style=&#8221;ramp2&#8243; bottom_divider_height=&#8221;250px&#8221; bottom_divider_flip=&#8221;horizontal&#8221; bottom_divider_height_tablet=&#8221;150px&#8221; bottom_divider_height_phone=&#8221;110px&#8221; bottom_divider_height_last_edited=&#8221;on|phone&#8221; saved_tabs=&#8221;all&#8221; global_colors_info=&#8221;{}&#8221;][et_pb_row _builder_version=&#8221;4.16&#8243; global_colors_info=&#8221;{}&#8221;][et_pb_column type=&#8221;4_4&#8243; _builder_version=&#8221;4.16&#8243; custom_padding=&#8221;|||&#8221; global_colors_info=&#8221;{}&#8221; custom_padding__hover=&#8221;|||&#8221;][et_pb_text _builder_version=&#8221;4.16&#8243; text_font=&#8221;Roboto||||||||&#8221; text_font_size=&#8221;16px&#8221; text_line_height=&#8221;1.8em&#8221; header_font=&#8221;Roboto|700|||||||&#8221; header_text_align=&#8221;center&#8221; header_font_size=&#8221;80px&#8221; header_line_height=&#8221;1.2em&#8221; header_3_font=&#8221;Roboto|700||on|||||&#8221; header_3_text_align=&#8221;center&#8221; header_3_text_color=&#8221;#ffffff&#8221; header_3_font_size=&#8221;24px&#8221; header_3_letter_spacing=&#8221;10px&#8221; header_3_line_height=&#8221;2em&#8221; text_orientation=&#8221;center&#8221; background_layout=&#8221;dark&#8221; module_alignment=&#8221;center&#8221; text_font_size_last_edited=&#8221;off|desktop&#8221; header_font_size_tablet=&#8221;40px&#8221; header_font_size_phone=&#8221;32px&#8221; header_font_size_last_edited=&#8221;on|phone&#8221; header_3_font_size_tablet=&#8221;16px&#8221; header_3_font_size_phone=&#8221;14px&#8221; header_3_font_size_last_edited=&#8221;on|phone&#8221; header_3_letter_spacing_tablet=&#8221;5px&#8221; header_3_letter_spacing_phone=&#8221;&#8221; header_3_letter_spacing_last_edited=&#8221;on|tablet&#8221; global_colors_info=&#8221;{}&#8221;]<\/p>\n<h3><\/h3>\n<h1>M\u00e9dia Complexidade<\/h1>\n<p>[\/et_pb_text][\/et_pb_column][\/et_pb_row][\/et_pb_section][et_pb_section fb_built=&#8221;1&#8243; admin_label=&#8221;Get Started&#8221; _builder_version=&#8221;4.16&#8243; custom_padding=&#8221;0px||||false|false&#8221; saved_tabs=&#8221;all&#8221; global_colors_info=&#8221;{}&#8221;][et_pb_row use_custom_gutter=&#8221;on&#8221; gutter_width=&#8221;2&#8243; _builder_version=&#8221;4.16&#8243; max_width=&#8221;1700px&#8221; custom_margin=&#8221;|||&#8221; custom_padding=&#8221;0px||0px|||&#8221; use_custom_width=&#8221;on&#8221; custom_width_px=&#8221;1700px&#8221; global_colors_info=&#8221;{}&#8221;][et_pb_column type=&#8221;4_4&#8243; _builder_version=&#8221;4.16&#8243; custom_padding=&#8221;|||&#8221; global_colors_info=&#8221;{}&#8221; custom_padding__hover=&#8221;|||&#8221;][et_pb_text _builder_version=&#8221;4.24.2&#8243; text_font=&#8221;||||||||&#8221; text_font_size=&#8221;16px&#8221; text_line_height=&#8221;2em&#8221; ul_font=&#8221;||||||||&#8221; header_font=&#8221;||||||||&#8221; header_2_font=&#8221;Roboto|700|||||||&#8221; header_2_font_size=&#8221;45px&#8221; header_2_line_height=&#8221;1.2em&#8221; header_3_font=&#8221;||||||||&#8221; max_width=&#8221;800px&#8221; max_width_last_edited=&#8221;off|desktop&#8221; module_alignment=&#8221;center&#8221; custom_margin=&#8221;|||&#8221; custom_padding=&#8221;|||&#8221; hover_enabled=&#8221;0&#8243; header_2_font_size_tablet=&#8221;35px&#8221; header_2_font_size_phone=&#8221;28px&#8221; header_2_font_size_last_edited=&#8221;on|desktop&#8221; global_colors_info=&#8221;{}&#8221; sticky_enabled=&#8221;0&#8243;]<\/p>\n<div class=\"entry-content\">\n<p><span style=\"font-weight: 400;\">O controle da m\u00e9dia complexidade, exames e imagem \u00e9 um desafio para as secretarias de Sa\u00fade. Como oferecer o melhor servi\u00e7o poss\u00edvel diante da demanda crescente e da press\u00e3o econ\u00f4mica cada vez maior?<\/span><\/p>\n<p><span style=\"font-weight: 400;\">O m\u00f3dulo de Regula\u00e7\u00e3o de M\u00e9dia Complexidade e Exames Sa\u00fadeNet permite que a secretaria controle a oferta de suas unidades pr\u00f3prias e terceirizadas de maneira centralizada, proporcionando controle e seguran\u00e7a para sua oferta.<\/span><\/p>\n<h3>CONTROLE:<\/h3>\n<p><span style=\"font-weight: 400;\">A secretaria pode controlar a oferta de cada unidade de acordo com os valores existentes na sua Ficha de Programa\u00e7\u00e3o Or\u00e7ament\u00e1ria (FPO), garantindo assim a tranquilidade no processo de faturamento. Para os munic\u00edpios que s\u00e3o refer\u00eancias regionais, \u00e9 poss\u00edvel tamb\u00e9m controlar a utiliza\u00e7\u00e3o de sua oferta por outros munic\u00edpios atrav\u00e9s da sua Programa\u00e7\u00e3o Pactuada e Integrada (PPI).<\/span><\/p>\n<p><span style=\"font-weight: 400;\">As agendas de cada m\u00e9dico podem ser visualizadas e controladas pela gest\u00e3o, incluindo a quantidade de atendimentos, dia e hor\u00e1rio de in\u00edcio do atendimento, mesmo para m\u00e9dicos de cl\u00ednicas terceirizadas.<\/span><\/p>\n<h3>\u00a0ATENDIMENTO \u00c0 POPULA\u00c7\u00c3O:<\/h3>\n<p><span style=\"font-weight: 400;\">Ao utilizar nosso servi\u00e7o centralizado de oferta de procedimentos, a secretaria disponibiliza acesso igualit\u00e1rio aos usu\u00e1rios do SUS. As demandas de todas as unidades b\u00e1sicas s\u00e3o processadas em tempo real, apresentando instantaneamente a disponibilidade de vagas com data e hora para atendimento.<\/span><\/p>\n<p><span style=\"font-weight: 400;\">Al\u00e9m das consultas em especialidades, \u00e9 poss\u00edvel oferecer exames laboratoriais, raio-X, ultrassom e resson\u00e2ncia. Tudo \u00e9 organizado por grupos de maneira facilitada para os operadores do sistema.<\/span><\/p>\n<h3>\u00a0FILA DE ESPERA INTELIGENTE E SMS:<\/h3>\n<p><span style=\"font-weight: 400;\">Quando um usu\u00e1rio precisar de um procedimento que n\u00e3o est\u00e1 dispon\u00edvel na hora, ele pode ser colocado na fila de espera do seu munic\u00edpio. Diariamente, os servidores da ACONE procuram alocar as vagas que surgem de maneira justa, seguindo os protocolos de prioriza\u00e7\u00e3o definidos pela secretaria. Quando uma vaga \u00e9 encontrada, o usu\u00e1rio pode ser avisado via SMS para confirmar o interesse na marca\u00e7\u00e3o.<\/span><\/p>\n<h3>\u00a0REGULA\u00c7\u00c3O DE ESPECIALIDADES:<\/h3>\n<p><span style=\"font-weight: 400;\">Precisa controlar a oferta de uma consulta ou procedimento ambulatorial cr\u00edtico? O Sa\u00fadeNet permite que o gestor habilite um processo de regula\u00e7\u00e3o mesmo para procedimentos marcados como ambulatoriais, de acordo com a tabela SIGTAP. Solicite informa\u00e7\u00f5es complementares no momento da solicita\u00e7\u00e3o e aprove, negue ou priorize as solicita\u00e7\u00f5es.<\/span><\/p>\n<h3>\u00a0PROGRAMAS DE SA\u00daDE:<\/h3>\n<p><span style=\"font-weight: 400;\">Priorize o atendimento de grupos espec\u00edficos da popula\u00e7\u00e3o a partir de dados objetivos como idade, sexo, agravos e hist\u00f3rico pr\u00e9vio. A secretaria define como e quanto da sua oferta ser\u00e1 destinada para atender casos priorit\u00e1rios.<\/span><\/p>\n<p><span style=\"font-weight: 400;\">O Sa\u00fadeNet oferece ainda controle de recorr\u00eancia de usu\u00e1rios, marca\u00e7\u00e3o facilitada de procedimentos, anexo de arquivos e question\u00e1rios de dados 100% customiz\u00e1veis. Entre em contato conosco para saber mais sobre nossas funcionalidades de controle avan\u00e7ado da oferta.<\/span><\/p>\n<\/div>\n<p>[\/et_pb_text][\/et_pb_column][\/et_pb_row][\/et_pb_section][et_pb_section fb_built=&#8221;1&#8243; custom_padding_last_edited=&#8221;on|desktop&#8221; prev_background_color=&#8221;#ffffff&#8221; admin_label=&#8221;Call to action&#8221; _builder_version=&#8221;4.16&#8243; use_background_color_gradient=&#8221;on&#8221; background_color_gradient_direction=&#8221;130deg&#8221; background_color_gradient_stops=&#8221;#008B8B 25%|#003E3E 100%&#8221; background_color_gradient_start=&#8221;#008B8B&#8221; background_color_gradient_start_position=&#8221;25%&#8221; background_color_gradient_end=&#8221;#003E3E&#8221; background_image=&#8221;http:\/\/www.acone.com.br\/wp-content\/uploads\/2020\/04\/marketing-bg6-2048&#215;1076-2.png&#8221; parallax=&#8221;on&#8221; custom_padding=&#8221;16vw||7vw||false|false&#8221; custom_padding_tablet=&#8221;100px||100px||true&#8221; custom_padding_phone=&#8221;||||true&#8221; top_divider_style=&#8221;ramp2&#8243; top_divider_height=&#8221;250px&#8221; top_divider_flip=&#8221;vertical&#8221; top_divider_height_tablet=&#8221;150px&#8221; top_divider_height_phone=&#8221;110px&#8221; top_divider_height_last_edited=&#8221;on|phone&#8221; background_color_gradient_stops_tablet=&#8221;#008B8B 25%|#003E3E 100%&#8221; background_color_gradient_stops_phone=&#8221;#008B8B 25%|#003E3E 100%&#8221; global_module=&#8221;1077&#8243; saved_tabs=&#8221;all&#8221; global_colors_info=&#8221;{}&#8221;][et_pb_row module_class=&#8221; et_pb_row_fullwidth&#8221; _builder_version=&#8221;4.16&#8243; width=&#8221;89%&#8221; width_tablet=&#8221;80%&#8221; width_phone=&#8221;&#8221; width_last_edited=&#8221;on|desktop&#8221; max_width=&#8221;89%&#8221; max_width_tablet=&#8221;80%&#8221; max_width_phone=&#8221;&#8221; max_width_last_edited=&#8221;on|desktop&#8221; custom_margin_phone=&#8221;|||&#8221; custom_margin_last_edited=&#8221;off|desktop&#8221; custom_padding=&#8221;|||&#8221; make_fullwidth=&#8221;on&#8221; global_colors_info=&#8221;{}&#8221;][et_pb_column type=&#8221;4_4&#8243; _builder_version=&#8221;4.16&#8243; custom_padding=&#8221;|||&#8221; global_colors_info=&#8221;{}&#8221; custom_padding__hover=&#8221;|||&#8221;][et_pb_text _builder_version=&#8221;4.24.2&#8243; text_font=&#8221;||||||||&#8221; header_font=&#8221;||||||||&#8221; header_2_font=&#8221;Roboto|700|||||||&#8221; header_2_font_size=&#8221;50px&#8221; header_2_line_height=&#8221;1.4em&#8221; header_3_font=&#8221;Roboto|700||on|||||&#8221; header_3_text_align=&#8221;center&#8221; header_3_text_color=&#8221;#ffffff&#8221; header_3_font_size=&#8221;24px&#8221; header_3_letter_spacing=&#8221;5px&#8221; header_3_line_height=&#8221;2em&#8221; text_orientation=&#8221;center&#8221; background_layout=&#8221;dark&#8221; max_width=&#8221;850px&#8221; module_alignment=&#8221;center&#8221; custom_margin=&#8221;|||&#8221; custom_padding=&#8221;|||&#8221; text_font_size_last_edited=&#8221;off|desktop&#8221; header_2_font_size_tablet=&#8221;40px&#8221; header_2_font_size_phone=&#8221;32px&#8221; header_2_font_size_last_edited=&#8221;on|desktop&#8221; header_3_font_size_tablet=&#8221;16px&#8221; header_3_font_size_phone=&#8221;14px&#8221; header_3_font_size_last_edited=&#8221;on|phone&#8221; global_colors_info=&#8221;{}&#8221;]<\/p>\n<h3>Pronto para mudar?<\/h3>\n<h2>Queremos ajudar voc\u00ea a transformar a gest\u00e3o de sa\u00fade do seu munic\u00edpio.<\/h2>\n<p>[\/et_pb_text][et_pb_button button_url=&#8221;https:\/\/www.acone.com.br\/?page_id=1035&#8243; button_text=&#8221;Entrar em contato&#8221; button_alignment=&#8221;center&#8221; _builder_version=&#8221;4.24.2&#8243; custom_button=&#8221;on&#8221; button_text_size=&#8221;14px&#8221; button_text_color=&#8221;#00a9ed&#8221; button_bg_use_color_gradient=&#8221;on&#8221; button_bg_color_gradient_direction=&#8221;90deg&#8221; button_bg_color_gradient_stops=&#8221;#ffffff 0%|#ffffff 100%&#8221; button_bg_color_gradient_start=&#8221;#ffffff&#8221; button_bg_color_gradient_end=&#8221;#ffffff&#8221; button_border_width=&#8221;0px&#8221; button_border_color=&#8221;rgba(0,0,0,0)&#8221; button_border_radius=&#8221;4px&#8221; button_letter_spacing=&#8221;5px&#8221; button_font=&#8221;Roboto|700||on|||||&#8221; custom_margin=&#8221;|||&#8221; custom_padding=&#8221;18px|34px|18px|34px|true|true&#8221; box_shadow_style=&#8221;preset3&#8243; box_shadow_vertical=&#8221;20px&#8221; box_shadow_blur=&#8221;30px&#8221; box_shadow_spread=&#8221;-2px&#8221; box_shadow_color=&#8221;rgba(0,169,237,0.29)&#8221; button_letter_spacing_hover=&#8221;5.5px&#8221; global_colors_info=&#8221;{}&#8221; button_text_size__hover_enabled=&#8221;off&#8221; button_one_text_size__hover_enabled=&#8221;off&#8221; button_two_text_size__hover_enabled=&#8221;off&#8221; button_text_color__hover_enabled=&#8221;off&#8221; button_one_text_color__hover_enabled=&#8221;off&#8221; button_two_text_color__hover_enabled=&#8221;off&#8221; button_border_width__hover_enabled=&#8221;off&#8221; button_one_border_width__hover_enabled=&#8221;off&#8221; button_two_border_width__hover_enabled=&#8221;off&#8221; button_border_color__hover_enabled=&#8221;off&#8221; button_one_border_color__hover_enabled=&#8221;off&#8221; button_two_border_color__hover_enabled=&#8221;off&#8221; button_border_radius__hover_enabled=&#8221;off&#8221; button_one_border_radius__hover_enabled=&#8221;off&#8221; button_two_border_radius__hover_enabled=&#8221;off&#8221; button_letter_spacing__hover_enabled=&#8221;on&#8221; button_letter_spacing__hover=&#8221;5.5px&#8221; button_one_letter_spacing__hover_enabled=&#8221;off&#8221; button_two_letter_spacing__hover_enabled=&#8221;off&#8221; button_bg_color__hover_enabled=&#8221;off&#8221; button_one_bg_color__hover_enabled=&#8221;off&#8221; button_two_bg_color__hover_enabled=&#8221;off&#8221;][\/et_pb_button][\/et_pb_column][\/et_pb_row][\/et_pb_section]<\/p>\n","protected":false},"excerpt":{"rendered":"<p>M\u00e9dia Complexidade O controle da m\u00e9dia complexidade, exames e imagem \u00e9 um desafio para as secretarias de Sa\u00fade. Como oferecer o melhor servi\u00e7o poss\u00edvel diante da demanda crescente e da press\u00e3o econ\u00f4mica cada vez maior? O m\u00f3dulo de Regula\u00e7\u00e3o de M\u00e9dia Complexidade e Exames Sa\u00fadeNet permite que a secretaria controle a oferta de suas unidades [&hellip;]<\/p>\n","protected":false},"author":1,"featured_media":0,"parent":1030,"menu_order":2,"comment_status":"closed","ping_status":"closed","template":"","meta":{"_et_pb_use_builder":"on","_et_pb_old_content":"","_et_gb_content_width":"","footnotes":""},"class_list":["post-1297","page","type-page","status-publish","hentry"],"yoast_head":"<!-- This site is optimized with the Yoast SEO plugin v22.2 - https:\/\/yoast.com\/wordpress\/plugins\/seo\/ -->\n<title>M\u00e9dia Complexidade | Acone<\/title>\n<meta name=\"robots\" content=\"index, follow, max-snippet:-1, max-image-preview:large, max-video-preview:-1\" \/>\n<link rel=\"canonical\" href=\"https:\/\/www.acone.com.br\/?page_id=1297\" \/>\n<meta property=\"og:locale\" content=\"pt_BR\" \/>\n<meta property=\"og:type\" content=\"article\" \/>\n<meta property=\"og:title\" content=\"M\u00e9dia Complexidade | Acone\" \/>\n<meta property=\"og:description\" content=\"M\u00e9dia Complexidade O controle da m\u00e9dia complexidade, exames e imagem \u00e9 um desafio para as secretarias de Sa\u00fade. Como oferecer o melhor servi\u00e7o poss\u00edvel diante da demanda crescente e da press\u00e3o econ\u00f4mica cada vez maior? O m\u00f3dulo de Regula\u00e7\u00e3o de M\u00e9dia Complexidade e Exames Sa\u00fadeNet permite que a secretaria controle a oferta de suas unidades [&hellip;]\" \/>\n<meta property=\"og:url\" content=\"https:\/\/www.acone.com.br\/?page_id=1297\" \/>\n<meta property=\"og:site_name\" content=\"Acone\" \/>\n<meta property=\"article:modified_time\" content=\"2024-07-09T12:39:16+00:00\" \/>\n<meta name=\"twitter:card\" content=\"summary_large_image\" \/>\n<meta name=\"twitter:label1\" content=\"Est. tempo de leitura\" \/>\n\t<meta name=\"twitter:data1\" content=\"8 minutos\" \/>\n<script type=\"application\/ld+json\" class=\"yoast-schema-graph\">{\"@context\":\"https:\/\/schema.org\",\"@graph\":[{\"@type\":\"WebPage\",\"@id\":\"https:\/\/www.acone.com.br\/?page_id=1297\",\"url\":\"https:\/\/www.acone.com.br\/?page_id=1297\",\"name\":\"M\u00e9dia Complexidade | Acone\",\"isPartOf\":{\"@id\":\"https:\/\/www.acone.com.br\/#website\"},\"datePublished\":\"2020-04-30T02:20:12+00:00\",\"dateModified\":\"2024-07-09T12:39:16+00:00\",\"breadcrumb\":{\"@id\":\"https:\/\/www.acone.com.br\/?page_id=1297#breadcrumb\"},\"inLanguage\":\"pt-BR\",\"potentialAction\":[{\"@type\":\"ReadAction\",\"target\":[\"https:\/\/www.acone.com.br\/?page_id=1297\"]}]},{\"@type\":\"BreadcrumbList\",\"@id\":\"https:\/\/www.acone.com.br\/?page_id=1297#breadcrumb\",\"itemListElement\":[{\"@type\":\"ListItem\",\"position\":1,\"name\":\"In\u00edcio\",\"item\":\"https:\/\/www.acone.com.br\/\"},{\"@type\":\"ListItem\",\"position\":2,\"name\":\"In\u00edcio\",\"item\":\"https:\/\/www.acone.com.br\/\"},{\"@type\":\"ListItem\",\"position\":3,\"name\":\"Servi\u00e7os\",\"item\":\"https:\/\/www.acone.com.br\/?page_id=1030\"},{\"@type\":\"ListItem\",\"position\":4,\"name\":\"M\u00e9dia Complexidade\"}]},{\"@type\":\"WebSite\",\"@id\":\"https:\/\/www.acone.com.br\/#website\",\"url\":\"https:\/\/www.acone.com.br\/\",\"name\":\"Guincho Aracaju\",\"description\":\"Acone Assessoria e Consultoria Empresarial LTDA\",\"potentialAction\":[{\"@type\":\"SearchAction\",\"target\":{\"@type\":\"EntryPoint\",\"urlTemplate\":\"https:\/\/www.acone.com.br\/?s={search_term_string}\"},\"query-input\":\"required name=search_term_string\"}],\"inLanguage\":\"pt-BR\"}]}<\/script>\n<!-- \/ Yoast SEO plugin. -->","yoast_head_json":{"title":"M\u00e9dia Complexidade | Acone","robots":{"index":"index","follow":"follow","max-snippet":"max-snippet:-1","max-image-preview":"max-image-preview:large","max-video-preview":"max-video-preview:-1"},"canonical":"https:\/\/www.acone.com.br\/?page_id=1297","og_locale":"pt_BR","og_type":"article","og_title":"M\u00e9dia Complexidade | Acone","og_description":"M\u00e9dia Complexidade O controle da m\u00e9dia complexidade, exames e imagem \u00e9 um desafio para as secretarias de Sa\u00fade. Como oferecer o melhor servi\u00e7o poss\u00edvel diante da demanda crescente e da press\u00e3o econ\u00f4mica cada vez maior? O m\u00f3dulo de Regula\u00e7\u00e3o de M\u00e9dia Complexidade e Exames Sa\u00fadeNet permite que a secretaria controle a oferta de suas unidades [&hellip;]","og_url":"https:\/\/www.acone.com.br\/?page_id=1297","og_site_name":"Acone","article_modified_time":"2024-07-09T12:39:16+00:00","twitter_card":"summary_large_image","twitter_misc":{"Est. tempo de leitura":"8 minutos"},"schema":{"@context":"https:\/\/schema.org","@graph":[{"@type":"WebPage","@id":"https:\/\/www.acone.com.br\/?page_id=1297","url":"https:\/\/www.acone.com.br\/?page_id=1297","name":"M\u00e9dia Complexidade | Acone","isPartOf":{"@id":"https:\/\/www.acone.com.br\/#website"},"datePublished":"2020-04-30T02:20:12+00:00","dateModified":"2024-07-09T12:39:16+00:00","breadcrumb":{"@id":"https:\/\/www.acone.com.br\/?page_id=1297#breadcrumb"},"inLanguage":"pt-BR","potentialAction":[{"@type":"ReadAction","target":["https:\/\/www.acone.com.br\/?page_id=1297"]}]},{"@type":"BreadcrumbList","@id":"https:\/\/www.acone.com.br\/?page_id=1297#breadcrumb","itemListElement":[{"@type":"ListItem","position":1,"name":"In\u00edcio","item":"https:\/\/www.acone.com.br\/"},{"@type":"ListItem","position":2,"name":"In\u00edcio","item":"https:\/\/www.acone.com.br\/"},{"@type":"ListItem","position":3,"name":"Servi\u00e7os","item":"https:\/\/www.acone.com.br\/?page_id=1030"},{"@type":"ListItem","position":4,"name":"M\u00e9dia Complexidade"}]},{"@type":"WebSite","@id":"https:\/\/www.acone.com.br\/#website","url":"https:\/\/www.acone.com.br\/","name":"Guincho Aracaju","description":"Acone Assessoria e Consultoria Empresarial LTDA","potentialAction":[{"@type":"SearchAction","target":{"@type":"EntryPoint","urlTemplate":"https:\/\/www.acone.com.br\/?s={search_term_string}"},"query-input":"required name=search_term_string"}],"inLanguage":"pt-BR"}]}},"_links":{"self":[{"href":"https:\/\/www.acone.com.br\/index.php?rest_route=\/wp\/v2\/pages\/1297","targetHints":{"allow":["GET"]}}],"collection":[{"href":"https:\/\/www.acone.com.br\/index.php?rest_route=\/wp\/v2\/pages"}],"about":[{"href":"https:\/\/www.acone.com.br\/index.php?rest_route=\/wp\/v2\/types\/page"}],"author":[{"embeddable":true,"href":"https:\/\/www.acone.com.br\/index.php?rest_route=\/wp\/v2\/users\/1"}],"replies":[{"embeddable":true,"href":"https:\/\/www.acone.com.br\/index.php?rest_route=%2Fwp%2Fv2%2Fcomments&post=1297"}],"version-history":[{"count":4,"href":"https:\/\/www.acone.com.br\/index.php?rest_route=\/wp\/v2\/pages\/1297\/revisions"}],"predecessor-version":[{"id":2009,"href":"https:\/\/www.acone.com.br\/index.php?rest_route=\/wp\/v2\/pages\/1297\/revisions\/2009"}],"up":[{"embeddable":true,"href":"https:\/\/www.acone.com.br\/index.php?rest_route=\/wp\/v2\/pages\/1030"}],"wp:attachment":[{"href":"https:\/\/www.acone.com.br\/index.php?rest_route=%2Fwp%2Fv2%2Fmedia&parent=1297"}],"curies":[{"name":"wp","href":"https:\/\/api.w.org\/{rel}","templated":true}]}}