{"id":1312,"date":"2020-04-30T02:26:09","date_gmt":"2020-04-30T02:26:09","guid":{"rendered":"http:\/\/www.acone.com.br\/?page_id=1312"},"modified":"2024-07-11T13:03:50","modified_gmt":"2024-07-11T13:03:50","slug":"prontuario-eletronico","status":"publish","type":"page","link":"https:\/\/www.acone.com.br\/?page_id=1312","title":{"rendered":"Prontu\u00e1rio Eletr\u00f4nico"},"content":{"rendered":"<p>[et_pb_section fb_built=&#8221;1&#8243; custom_padding_last_edited=&#8221;on|desktop&#8221; next_background_color=&#8221;#ffffff&#8221; admin_label=&#8221;Header&#8221; _builder_version=&#8221;4.16&#8243; use_background_color_gradient=&#8221;on&#8221; background_color_gradient_direction=&#8221;130deg&#8221; background_color_gradient_stops=&#8221;#003e3e 25%|#008b8b 100%&#8221; background_color_gradient_start=&#8221;#003e3e&#8221; background_color_gradient_start_position=&#8221;25%&#8221; background_color_gradient_end=&#8221;#008b8b&#8221; background_image=&#8221;http:\/\/www.acone.com.br\/wp-content\/uploads\/2020\/04\/marketing-bg6-2048&#215;1076-2.png&#8221; parallax=&#8221;on&#8221; custom_padding=&#8221;7vw||7vw||true|false&#8221; custom_padding_tablet=&#8221;100px||100px||true&#8221; custom_padding_phone=&#8221;||||true&#8221; bottom_divider_style=&#8221;ramp2&#8243; bottom_divider_height=&#8221;250px&#8221; bottom_divider_flip=&#8221;horizontal&#8221; bottom_divider_height_tablet=&#8221;150px&#8221; bottom_divider_height_phone=&#8221;110px&#8221; bottom_divider_height_last_edited=&#8221;on|phone&#8221; saved_tabs=&#8221;all&#8221; global_colors_info=&#8221;{}&#8221;][et_pb_row _builder_version=&#8221;4.16&#8243; global_colors_info=&#8221;{}&#8221;][et_pb_column type=&#8221;4_4&#8243; _builder_version=&#8221;4.16&#8243; custom_padding=&#8221;|||&#8221; global_colors_info=&#8221;{}&#8221; custom_padding__hover=&#8221;|||&#8221;][et_pb_text _builder_version=&#8221;4.16&#8243; text_font=&#8221;Roboto||||||||&#8221; text_font_size=&#8221;16px&#8221; text_line_height=&#8221;1.8em&#8221; header_font=&#8221;Roboto|700|||||||&#8221; header_text_align=&#8221;center&#8221; header_font_size=&#8221;80px&#8221; header_line_height=&#8221;1.2em&#8221; header_3_font=&#8221;Roboto|700||on|||||&#8221; header_3_text_align=&#8221;center&#8221; header_3_text_color=&#8221;#ffffff&#8221; header_3_font_size=&#8221;24px&#8221; header_3_letter_spacing=&#8221;10px&#8221; header_3_line_height=&#8221;2em&#8221; text_orientation=&#8221;center&#8221; background_layout=&#8221;dark&#8221; module_alignment=&#8221;center&#8221; text_font_size_last_edited=&#8221;off|desktop&#8221; header_font_size_tablet=&#8221;40px&#8221; header_font_size_phone=&#8221;32px&#8221; header_font_size_last_edited=&#8221;on|phone&#8221; header_3_font_size_tablet=&#8221;16px&#8221; header_3_font_size_phone=&#8221;14px&#8221; header_3_font_size_last_edited=&#8221;on|phone&#8221; header_3_letter_spacing_tablet=&#8221;5px&#8221; header_3_letter_spacing_phone=&#8221;&#8221; header_3_letter_spacing_last_edited=&#8221;on|tablet&#8221; global_colors_info=&#8221;{}&#8221;]<\/p>\n<h3><\/h3>\n<h1>Prontu\u00e1rio Eletr\u00f4nico<\/h1>\n<h1>SOAP<\/h1>\n<p>&nbsp;<\/p>\n<p>&nbsp;<\/p>\n<p>[\/et_pb_text][\/et_pb_column][\/et_pb_row][\/et_pb_section][et_pb_section fb_built=&#8221;1&#8243; admin_label=&#8221;Get Started&#8221; _builder_version=&#8221;4.16&#8243; custom_padding=&#8221;0px||||false|false&#8221; saved_tabs=&#8221;all&#8221; global_colors_info=&#8221;{}&#8221;][et_pb_row use_custom_gutter=&#8221;on&#8221; gutter_width=&#8221;2&#8243; _builder_version=&#8221;4.16&#8243; max_width=&#8221;1700px&#8221; custom_margin=&#8221;|||&#8221; custom_padding=&#8221;0px||0px|||&#8221; use_custom_width=&#8221;on&#8221; custom_width_px=&#8221;1700px&#8221; global_colors_info=&#8221;{}&#8221;][et_pb_column type=&#8221;4_4&#8243; _builder_version=&#8221;4.16&#8243; custom_padding=&#8221;|||&#8221; global_colors_info=&#8221;{}&#8221; custom_padding__hover=&#8221;|||&#8221;][et_pb_image src=&#8221;http:\/\/www.acone.com.br\/wp-content\/uploads\/2020\/04\/PC-com-sistema-ACONE-1.png&#8221; align=&#8221;center&#8221; _builder_version=&#8221;4.16&#8243; global_colors_info=&#8221;{}&#8221;][\/et_pb_image][et_pb_text _builder_version=&#8221;4.24.2&#8243; text_font=&#8221;||||||||&#8221; text_font_size=&#8221;16px&#8221; text_line_height=&#8221;2em&#8221; ul_font=&#8221;||||||||&#8221; header_font=&#8221;||||||||&#8221; header_2_font=&#8221;Roboto|700|||||||&#8221; header_2_font_size=&#8221;45px&#8221; header_2_line_height=&#8221;1.2em&#8221; header_3_font=&#8221;||||||||&#8221; max_width=&#8221;800px&#8221; max_width_last_edited=&#8221;off|desktop&#8221; module_alignment=&#8221;center&#8221; custom_margin=&#8221;|||&#8221; custom_padding=&#8221;|||&#8221; hover_enabled=&#8221;0&#8243; header_2_font_size_tablet=&#8221;35px&#8221; header_2_font_size_phone=&#8221;28px&#8221; header_2_font_size_last_edited=&#8221;on|desktop&#8221; global_colors_info=&#8221;{}&#8221; sticky_enabled=&#8221;0&#8243;]<\/p>\n<p><span style=\"font-weight: 400;\">1- Permite o registro da triagem ou preparo de cada paciente (peso, altura, press\u00e3o arterial, pulsa\u00e7\u00e3o arterial, frequ\u00eancia respirat\u00f3ria, cintura, quadril, per\u00edmetro cef\u00e1lico, glicemia capilar, satura\u00e7\u00e3o) durante a pr\u00e9-consulta;<\/span><\/p>\n<p><span style=\"font-weight: 400;\">2- Registra os procedimentos realizados pela triagem;<\/span><\/p>\n<p>3- Informa a sa\u00edda do atendimento com encaminhamentos para usu\u00e1rios que n\u00e3o necessitam de atendimento m\u00e9dico;<\/p>\n<p><span>4- Calcula automaticamente o IMC (\u00cdndice de Massa Corporal), ICQ (<\/span><a href=\"https:\/\/www.bing.com\/ck\/a?!&amp;&amp;p=20d3b236dfdc6a63JmltdHM9MTcxODMyMzIwMCZpZ3VpZD0xM2Q3ZDc2NC00ZDYyLTZhNmQtMmY2Yi1jM2Y4NGMwOTZiYWQmaW5zaWQ9NTYyNw&amp;ptn=3&amp;ver=2&amp;hsh=3&amp;fclid=13d7d764-4d62-6a6d-2f6b-c3f84c096bad&amp;psq=ICQ+indice&amp;u=a1aHR0cHM6Ly9wdC53aWtpcGVkaWEub3JnL3dpa2kvJUMzJThEbmRpY2VfZGVfY2ludHVyYV9lX3F1YWRyaXM&amp;ntb=1\"><span>\u00cdndice de cintura e quadris<\/span><\/a><span>), e estado nutricional conforme a idade do paciente (ciclo de vida);<\/span><\/p>\n<p>5- Permite configurar a obrigatoriedade do preenchimento de peso, altura e press\u00e3o arterial conforme o ciclo de vida dos pacientes (crian\u00e7a, adolescente, adulto e idoso) em cada local de atendimento;<\/p>\n<p>6- Permite a avalia\u00e7\u00e3o de dor, classifica\u00e7\u00e3o de risco (Protocolo de Manchester) e Escala de Glasgow para prioriza\u00e7\u00e3o dos atendimentos em unidades de Pronto Atendimento;<\/p>\n<p>7- Permite informar o material e CID consistente para cada exame;<\/p>\n<p>8- Registra a receita de medicamentos, atestado m\u00e9dico, declara\u00e7\u00e3o de comparecimento, orienta\u00e7\u00f5es, requisi\u00e7\u00e3o de exames e guia de refer\u00eancia;<\/p>\n<p>9- Registra os atendimentos de enfermagem com orienta\u00e7\u00f5es aos pacientes utilizando a metodologia CIPESC \u2013 Classifica\u00e7\u00e3o Internacional das Pr\u00e1ticas de Enfermagem em Sa\u00fade Coletiva;<\/p>\n<p>10- Registra informa\u00e7\u00f5es cl\u00ednicas (alergias, doen\u00e7as) dos pacientes no momento do atendimento m\u00e9dico;<\/p>\n<p>11- Permite a visualiza\u00e7\u00e3o do hist\u00f3rico de agendamentos do paciente por tipo (consultas m\u00e9dicas, odontol\u00f3gicas, exames e transportes);<\/p>\n<p>12- Permite o uso de foto no cadastro de pacientes;<\/p>\n<p>13- D\u00e1 acesso completo ao m\u00e9dico aos atendimentos anteriores do paciente por ordem cronol\u00f3gica;<\/p>\n<p>14- Permite a visualiza\u00e7\u00e3o de documentos digitalizados para cada paciente atendido;<\/p>\n<p>15- Permite o registro de anamnese e exame f\u00edsico durante cada atendimento, parametrizados de acordo com os tipos de informa\u00e7\u00e3o definidos pela secretaria de sa\u00fade;<\/p>\n<p>16- Permite a solicita\u00e7\u00e3o de medicamentos de acordo com os produtos padronizados pela farm\u00e1cia, integrando o receitu\u00e1rio com o estoque;<\/p>\n<p>17- Cont\u00e9m os resultados e laudos dos exames solicitados no prontu\u00e1rio eletr\u00f4nico do paciente;<\/p>\n<p>18- Controla a solicita\u00e7\u00e3o de medicamentos conforme o estoque da unidade e permite prescri\u00e7\u00e3o de medicamentos fora da padroniza\u00e7\u00e3o da Secretaria de Sa\u00fade;<\/p>\n<p>19- Importa automaticamente os resultados de exames para o prontu\u00e1rio eletr\u00f4nico;<\/p>\n<p>20- Permite a emiss\u00e3o e registro de atestados, encaminhamentos e orienta\u00e7\u00f5es;<\/p>\n<p>21- No ambulat\u00f3rio, mostra automaticamente ao m\u00e9dico a disponibilidade de estoque de um medicamento no momento da solicita\u00e7\u00e3o;<\/p>\n<p>22- Permite consulta do hist\u00f3rico de todos os atendimentos odontol\u00f3gicos por paciente, incluindo o Odontograma completo, os profissionais envolvidos e os procedimentos realizados;<\/p>\n<p>23- O acesso \u00e0s informa\u00e7\u00f5es do prontu\u00e1rio \u00e9 restrito a m\u00e9dicos (apenas dos pacientes em atendimento), peritos e m\u00e9dicos reguladores (apenas pacientes em processo de regula\u00e7\u00e3o);<\/p>\n<p>24- Permite que profissionais de sa\u00fade preencham fichas compat\u00edveis com as do e-SUS.<\/p>\n<p>[\/et_pb_text][\/et_pb_column][\/et_pb_row][\/et_pb_section][et_pb_section fb_built=&#8221;1&#8243; custom_padding_last_edited=&#8221;on|desktop&#8221; prev_background_color=&#8221;#ffffff&#8221; admin_label=&#8221;Call to action&#8221; _builder_version=&#8221;4.16&#8243; use_background_color_gradient=&#8221;on&#8221; background_color_gradient_direction=&#8221;130deg&#8221; background_color_gradient_stops=&#8221;#008B8B 25%|#003E3E 100%&#8221; background_color_gradient_start=&#8221;#008B8B&#8221; background_color_gradient_start_position=&#8221;25%&#8221; background_color_gradient_end=&#8221;#003E3E&#8221; background_image=&#8221;http:\/\/www.acone.com.br\/wp-content\/uploads\/2020\/04\/marketing-bg6-2048&#215;1076-2.png&#8221; parallax=&#8221;on&#8221; custom_padding=&#8221;16vw||7vw||false|false&#8221; custom_padding_tablet=&#8221;100px||100px||true&#8221; custom_padding_phone=&#8221;||||true&#8221; top_divider_style=&#8221;ramp2&#8243; top_divider_height=&#8221;250px&#8221; top_divider_flip=&#8221;vertical&#8221; top_divider_height_tablet=&#8221;150px&#8221; top_divider_height_phone=&#8221;110px&#8221; top_divider_height_last_edited=&#8221;on|phone&#8221; background_color_gradient_stops_tablet=&#8221;#008B8B 25%|#003E3E 100%&#8221; background_color_gradient_stops_phone=&#8221;#008B8B 25%|#003E3E 100%&#8221; global_module=&#8221;1077&#8243; saved_tabs=&#8221;all&#8221; global_colors_info=&#8221;{}&#8221;][et_pb_row module_class=&#8221; et_pb_row_fullwidth&#8221; _builder_version=&#8221;4.16&#8243; width=&#8221;89%&#8221; width_tablet=&#8221;80%&#8221; width_phone=&#8221;&#8221; width_last_edited=&#8221;on|desktop&#8221; max_width=&#8221;89%&#8221; max_width_tablet=&#8221;80%&#8221; max_width_phone=&#8221;&#8221; max_width_last_edited=&#8221;on|desktop&#8221; custom_margin_phone=&#8221;|||&#8221; custom_margin_last_edited=&#8221;off|desktop&#8221; custom_padding=&#8221;|||&#8221; make_fullwidth=&#8221;on&#8221; global_colors_info=&#8221;{}&#8221;][et_pb_column type=&#8221;4_4&#8243; _builder_version=&#8221;4.16&#8243; custom_padding=&#8221;|||&#8221; global_colors_info=&#8221;{}&#8221; custom_padding__hover=&#8221;|||&#8221;][et_pb_text _builder_version=&#8221;4.24.2&#8243; text_font=&#8221;||||||||&#8221; header_font=&#8221;||||||||&#8221; header_2_font=&#8221;Roboto|700|||||||&#8221; header_2_font_size=&#8221;50px&#8221; header_2_line_height=&#8221;1.4em&#8221; header_3_font=&#8221;Roboto|700||on|||||&#8221; header_3_text_align=&#8221;center&#8221; header_3_text_color=&#8221;#ffffff&#8221; header_3_font_size=&#8221;24px&#8221; header_3_letter_spacing=&#8221;5px&#8221; header_3_line_height=&#8221;2em&#8221; text_orientation=&#8221;center&#8221; background_layout=&#8221;dark&#8221; max_width=&#8221;850px&#8221; module_alignment=&#8221;center&#8221; custom_margin=&#8221;|||&#8221; custom_padding=&#8221;|||&#8221; text_font_size_last_edited=&#8221;off|desktop&#8221; header_2_font_size_tablet=&#8221;40px&#8221; header_2_font_size_phone=&#8221;32px&#8221; header_2_font_size_last_edited=&#8221;on|desktop&#8221; header_3_font_size_tablet=&#8221;16px&#8221; header_3_font_size_phone=&#8221;14px&#8221; header_3_font_size_last_edited=&#8221;on|phone&#8221; global_colors_info=&#8221;{}&#8221;]<\/p>\n<h3>Pronto para mudar?<\/h3>\n<h2>Queremos ajudar voc\u00ea a transformar a gest\u00e3o de sa\u00fade do seu munic\u00edpio.<\/h2>\n<p>[\/et_pb_text][et_pb_button button_url=&#8221;https:\/\/www.acone.com.br\/?page_id=1035&#8243; button_text=&#8221;Entrar em contato&#8221; button_alignment=&#8221;center&#8221; _builder_version=&#8221;4.24.2&#8243; custom_button=&#8221;on&#8221; button_text_size=&#8221;14px&#8221; button_text_color=&#8221;#00a9ed&#8221; button_bg_use_color_gradient=&#8221;on&#8221; button_bg_color_gradient_direction=&#8221;90deg&#8221; button_bg_color_gradient_stops=&#8221;#ffffff 0%|#ffffff 100%&#8221; button_bg_color_gradient_start=&#8221;#ffffff&#8221; button_bg_color_gradient_end=&#8221;#ffffff&#8221; button_border_width=&#8221;0px&#8221; button_border_color=&#8221;rgba(0,0,0,0)&#8221; button_border_radius=&#8221;4px&#8221; button_letter_spacing=&#8221;5px&#8221; button_font=&#8221;Roboto|700||on|||||&#8221; custom_margin=&#8221;|||&#8221; custom_padding=&#8221;18px|34px|18px|34px|true|true&#8221; box_shadow_style=&#8221;preset3&#8243; box_shadow_vertical=&#8221;20px&#8221; box_shadow_blur=&#8221;30px&#8221; box_shadow_spread=&#8221;-2px&#8221; box_shadow_color=&#8221;rgba(0,169,237,0.29)&#8221; button_letter_spacing_hover=&#8221;5.5px&#8221; global_colors_info=&#8221;{}&#8221; button_text_size__hover_enabled=&#8221;off&#8221; button_one_text_size__hover_enabled=&#8221;off&#8221; button_two_text_size__hover_enabled=&#8221;off&#8221; button_text_color__hover_enabled=&#8221;off&#8221; button_one_text_color__hover_enabled=&#8221;off&#8221; button_two_text_color__hover_enabled=&#8221;off&#8221; button_border_width__hover_enabled=&#8221;off&#8221; button_one_border_width__hover_enabled=&#8221;off&#8221; button_two_border_width__hover_enabled=&#8221;off&#8221; button_border_color__hover_enabled=&#8221;off&#8221; button_one_border_color__hover_enabled=&#8221;off&#8221; button_two_border_color__hover_enabled=&#8221;off&#8221; button_border_radius__hover_enabled=&#8221;off&#8221; button_one_border_radius__hover_enabled=&#8221;off&#8221; button_two_border_radius__hover_enabled=&#8221;off&#8221; button_letter_spacing__hover_enabled=&#8221;on&#8221; button_letter_spacing__hover=&#8221;5.5px&#8221; button_one_letter_spacing__hover_enabled=&#8221;off&#8221; button_two_letter_spacing__hover_enabled=&#8221;off&#8221; button_bg_color__hover_enabled=&#8221;off&#8221; button_one_bg_color__hover_enabled=&#8221;off&#8221; button_two_bg_color__hover_enabled=&#8221;off&#8221;][\/et_pb_button][\/et_pb_column][\/et_pb_row][\/et_pb_section]<\/p>\n","protected":false},"excerpt":{"rendered":"<p>Prontu\u00e1rio Eletr\u00f4nico SOAP &nbsp; &nbsp;1- Permite o registro da triagem ou preparo de cada paciente (peso, altura, press\u00e3o arterial, pulsa\u00e7\u00e3o arterial, frequ\u00eancia respirat\u00f3ria, cintura, quadril, per\u00edmetro cef\u00e1lico, glicemia capilar, satura\u00e7\u00e3o) durante a pr\u00e9-consulta; 2- Registra os procedimentos realizados pela triagem; 3- Informa a sa\u00edda do atendimento com encaminhamentos para usu\u00e1rios que n\u00e3o necessitam de atendimento [&hellip;]<\/p>\n","protected":false},"author":1,"featured_media":0,"parent":1030,"menu_order":0,"comment_status":"closed","ping_status":"closed","template":"","meta":{"_et_pb_use_builder":"on","_et_pb_old_content":"","_et_gb_content_width":"","footnotes":""},"class_list":["post-1312","page","type-page","status-publish","hentry"],"yoast_head":"<!-- This site is optimized with the Yoast SEO plugin v22.2 - https:\/\/yoast.com\/wordpress\/plugins\/seo\/ -->\n<title>Prontu\u00e1rio Eletr\u00f4nico | Acone<\/title>\n<meta name=\"robots\" content=\"index, follow, max-snippet:-1, max-image-preview:large, max-video-preview:-1\" \/>\n<link rel=\"canonical\" href=\"https:\/\/www.acone.com.br\/?page_id=1312\" \/>\n<meta property=\"og:locale\" content=\"pt_BR\" \/>\n<meta property=\"og:type\" content=\"article\" \/>\n<meta property=\"og:title\" content=\"Prontu\u00e1rio Eletr\u00f4nico | Acone\" \/>\n<meta property=\"og:description\" content=\"Prontu\u00e1rio Eletr\u00f4nico SOAP &nbsp; &nbsp;1- Permite o registro da triagem ou preparo de cada paciente (peso, altura, press\u00e3o arterial, pulsa\u00e7\u00e3o arterial, frequ\u00eancia respirat\u00f3ria, cintura, quadril, per\u00edmetro cef\u00e1lico, glicemia capilar, satura\u00e7\u00e3o) durante a pr\u00e9-consulta; 2- Registra os procedimentos realizados pela triagem; 3- Informa a sa\u00edda do atendimento com encaminhamentos para usu\u00e1rios que n\u00e3o necessitam de atendimento [&hellip;]\" \/>\n<meta property=\"og:url\" content=\"https:\/\/www.acone.com.br\/?page_id=1312\" \/>\n<meta property=\"og:site_name\" content=\"Acone\" \/>\n<meta property=\"article:modified_time\" content=\"2024-07-11T13:03:50+00:00\" \/>\n<meta name=\"twitter:card\" content=\"summary_large_image\" \/>\n<meta name=\"twitter:label1\" content=\"Est. tempo de leitura\" \/>\n\t<meta name=\"twitter:data1\" content=\"8 minutos\" \/>\n<script type=\"application\/ld+json\" class=\"yoast-schema-graph\">{\"@context\":\"https:\/\/schema.org\",\"@graph\":[{\"@type\":\"WebPage\",\"@id\":\"https:\/\/www.acone.com.br\/?page_id=1312\",\"url\":\"https:\/\/www.acone.com.br\/?page_id=1312\",\"name\":\"Prontu\u00e1rio Eletr\u00f4nico | Acone\",\"isPartOf\":{\"@id\":\"https:\/\/www.acone.com.br\/#website\"},\"datePublished\":\"2020-04-30T02:26:09+00:00\",\"dateModified\":\"2024-07-11T13:03:50+00:00\",\"breadcrumb\":{\"@id\":\"https:\/\/www.acone.com.br\/?page_id=1312#breadcrumb\"},\"inLanguage\":\"pt-BR\",\"potentialAction\":[{\"@type\":\"ReadAction\",\"target\":[\"https:\/\/www.acone.com.br\/?page_id=1312\"]}]},{\"@type\":\"BreadcrumbList\",\"@id\":\"https:\/\/www.acone.com.br\/?page_id=1312#breadcrumb\",\"itemListElement\":[{\"@type\":\"ListItem\",\"position\":1,\"name\":\"In\u00edcio\",\"item\":\"https:\/\/www.acone.com.br\/\"},{\"@type\":\"ListItem\",\"position\":2,\"name\":\"In\u00edcio\",\"item\":\"https:\/\/www.acone.com.br\/\"},{\"@type\":\"ListItem\",\"position\":3,\"name\":\"Servi\u00e7os\",\"item\":\"https:\/\/www.acone.com.br\/?page_id=1030\"},{\"@type\":\"ListItem\",\"position\":4,\"name\":\"Prontu\u00e1rio Eletr\u00f4nico\"}]},{\"@type\":\"WebSite\",\"@id\":\"https:\/\/www.acone.com.br\/#website\",\"url\":\"https:\/\/www.acone.com.br\/\",\"name\":\"Guincho Aracaju\",\"description\":\"Acone Assessoria e Consultoria Empresarial LTDA\",\"potentialAction\":[{\"@type\":\"SearchAction\",\"target\":{\"@type\":\"EntryPoint\",\"urlTemplate\":\"https:\/\/www.acone.com.br\/?s={search_term_string}\"},\"query-input\":\"required name=search_term_string\"}],\"inLanguage\":\"pt-BR\"}]}<\/script>\n<!-- \/ Yoast SEO plugin. -->","yoast_head_json":{"title":"Prontu\u00e1rio Eletr\u00f4nico | Acone","robots":{"index":"index","follow":"follow","max-snippet":"max-snippet:-1","max-image-preview":"max-image-preview:large","max-video-preview":"max-video-preview:-1"},"canonical":"https:\/\/www.acone.com.br\/?page_id=1312","og_locale":"pt_BR","og_type":"article","og_title":"Prontu\u00e1rio Eletr\u00f4nico | Acone","og_description":"Prontu\u00e1rio Eletr\u00f4nico SOAP &nbsp; &nbsp;1- Permite o registro da triagem ou preparo de cada paciente (peso, altura, press\u00e3o arterial, pulsa\u00e7\u00e3o arterial, frequ\u00eancia respirat\u00f3ria, cintura, quadril, per\u00edmetro cef\u00e1lico, glicemia capilar, satura\u00e7\u00e3o) durante a pr\u00e9-consulta; 2- Registra os procedimentos realizados pela triagem; 3- Informa a sa\u00edda do atendimento com encaminhamentos para usu\u00e1rios que n\u00e3o necessitam de atendimento [&hellip;]","og_url":"https:\/\/www.acone.com.br\/?page_id=1312","og_site_name":"Acone","article_modified_time":"2024-07-11T13:03:50+00:00","twitter_card":"summary_large_image","twitter_misc":{"Est. tempo de leitura":"8 minutos"},"schema":{"@context":"https:\/\/schema.org","@graph":[{"@type":"WebPage","@id":"https:\/\/www.acone.com.br\/?page_id=1312","url":"https:\/\/www.acone.com.br\/?page_id=1312","name":"Prontu\u00e1rio Eletr\u00f4nico | Acone","isPartOf":{"@id":"https:\/\/www.acone.com.br\/#website"},"datePublished":"2020-04-30T02:26:09+00:00","dateModified":"2024-07-11T13:03:50+00:00","breadcrumb":{"@id":"https:\/\/www.acone.com.br\/?page_id=1312#breadcrumb"},"inLanguage":"pt-BR","potentialAction":[{"@type":"ReadAction","target":["https:\/\/www.acone.com.br\/?page_id=1312"]}]},{"@type":"BreadcrumbList","@id":"https:\/\/www.acone.com.br\/?page_id=1312#breadcrumb","itemListElement":[{"@type":"ListItem","position":1,"name":"In\u00edcio","item":"https:\/\/www.acone.com.br\/"},{"@type":"ListItem","position":2,"name":"In\u00edcio","item":"https:\/\/www.acone.com.br\/"},{"@type":"ListItem","position":3,"name":"Servi\u00e7os","item":"https:\/\/www.acone.com.br\/?page_id=1030"},{"@type":"ListItem","position":4,"name":"Prontu\u00e1rio Eletr\u00f4nico"}]},{"@type":"WebSite","@id":"https:\/\/www.acone.com.br\/#website","url":"https:\/\/www.acone.com.br\/","name":"Guincho Aracaju","description":"Acone Assessoria e Consultoria Empresarial LTDA","potentialAction":[{"@type":"SearchAction","target":{"@type":"EntryPoint","urlTemplate":"https:\/\/www.acone.com.br\/?s={search_term_string}"},"query-input":"required name=search_term_string"}],"inLanguage":"pt-BR"}]}},"_links":{"self":[{"href":"https:\/\/www.acone.com.br\/index.php?rest_route=\/wp\/v2\/pages\/1312","targetHints":{"allow":["GET"]}}],"collection":[{"href":"https:\/\/www.acone.com.br\/index.php?rest_route=\/wp\/v2\/pages"}],"about":[{"href":"https:\/\/www.acone.com.br\/index.php?rest_route=\/wp\/v2\/types\/page"}],"author":[{"embeddable":true,"href":"https:\/\/www.acone.com.br\/index.php?rest_route=\/wp\/v2\/users\/1"}],"replies":[{"embeddable":true,"href":"https:\/\/www.acone.com.br\/index.php?rest_route=%2Fwp%2Fv2%2Fcomments&post=1312"}],"version-history":[{"count":12,"href":"https:\/\/www.acone.com.br\/index.php?rest_route=\/wp\/v2\/pages\/1312\/revisions"}],"predecessor-version":[{"id":2142,"href":"https:\/\/www.acone.com.br\/index.php?rest_route=\/wp\/v2\/pages\/1312\/revisions\/2142"}],"up":[{"embeddable":true,"href":"https:\/\/www.acone.com.br\/index.php?rest_route=\/wp\/v2\/pages\/1030"}],"wp:attachment":[{"href":"https:\/\/www.acone.com.br\/index.php?rest_route=%2Fwp%2Fv2%2Fmedia&parent=1312"}],"curies":[{"name":"wp","href":"https:\/\/api.w.org\/{rel}","templated":true}]}}