{"id":2193,"date":"2024-07-19T11:17:53","date_gmt":"2024-07-19T11:17:53","guid":{"rendered":"https:\/\/www.acone.com.br\/?page_id=2193"},"modified":"2024-07-19T12:39:12","modified_gmt":"2024-07-19T12:39:12","slug":"acone-copy-copy","status":"publish","type":"page","link":"https:\/\/www.acone.com.br\/?page_id=2193&lang=en","title":{"rendered":"Integrity Program"},"content":{"rendered":"<p>[et_pb_section fb_built=&#8221;1&#8243; custom_padding_last_edited=&#8221;on|desktop&#8221; next_background_color=&#8221;#ffffff&#8221; admin_label=&#8221;Header&#8221; _builder_version=&#8221;4.16&#8243; use_background_color_gradient=&#8221;on&#8221; background_color_gradient_direction=&#8221;130deg&#8221; background_color_gradient_stops=&#8221;#008b8b 25%|#003E3E 100%&#8221; background_color_gradient_start=&#8221;#008b8b&#8221; background_color_gradient_start_position=&#8221;25%&#8221; background_color_gradient_end=&#8221;#003E3E&#8221; background_image=&#8221;http:\/\/www.acone.com.br\/wp-content\/uploads\/2020\/04\/marketing-bg6-2048&#215;1076-2.png&#8221; parallax=&#8221;on&#8221; custom_padding=&#8221;7vw||16vw||false|false&#8221; custom_padding_tablet=&#8221;100px||100px||true&#8221; custom_padding_phone=&#8221;||||true&#8221; bottom_divider_style=&#8221;ramp2&#8243; bottom_divider_height=&#8221;250px&#8221; bottom_divider_flip=&#8221;horizontal&#8221; bottom_divider_height_tablet=&#8221;150px&#8221; bottom_divider_height_phone=&#8221;110px&#8221; bottom_divider_height_last_edited=&#8221;on|phone&#8221; saved_tabs=&#8221;all&#8221; global_colors_info=&#8221;{}&#8221;][et_pb_row _builder_version=&#8221;4.16&#8243; global_colors_info=&#8221;{}&#8221;][et_pb_column type=&#8221;4_4&#8243; _builder_version=&#8221;4.16&#8243; custom_padding=&#8221;|||&#8221; global_colors_info=&#8221;{}&#8221; custom_padding__hover=&#8221;|||&#8221;][et_pb_text _builder_version=&#8221;4.24.2&#8243; text_font=&#8221;Roboto||||||||&#8221; text_font_size=&#8221;16px&#8221; text_line_height=&#8221;1.8em&#8221; header_font=&#8221;Roboto|700|||||||&#8221; header_text_align=&#8221;center&#8221; header_font_size=&#8221;80px&#8221; header_line_height=&#8221;1.2em&#8221; header_3_font=&#8221;Roboto|700||on|||||&#8221; header_3_text_align=&#8221;center&#8221; header_3_text_color=&#8221;#ffffff&#8221; header_3_font_size=&#8221;24px&#8221; header_3_letter_spacing=&#8221;10px&#8221; header_3_line_height=&#8221;2em&#8221; text_orientation=&#8221;center&#8221; background_layout=&#8221;dark&#8221; module_alignment=&#8221;center&#8221; text_font_size_last_edited=&#8221;off|desktop&#8221; header_font_size_tablet=&#8221;40px&#8221; header_font_size_phone=&#8221;32px&#8221; header_font_size_last_edited=&#8221;on|phone&#8221; header_3_font_size_tablet=&#8221;16px&#8221; header_3_font_size_phone=&#8221;14px&#8221; header_3_font_size_last_edited=&#8221;on|phone&#8221; header_3_letter_spacing_tablet=&#8221;5px&#8221; header_3_letter_spacing_phone=&#8221;&#8221; header_3_letter_spacing_last_edited=&#8221;on|tablet&#8221; global_colors_info=&#8221;{}&#8221;]<\/p>\n<h1>ACONE<\/h1>\n<h4>Assessoria e Consultoria Empresarial Ltda<\/h4>\n<p>[\/et_pb_text][et_pb_text _builder_version=&#8221;4.24.2&#8243; text_font=&#8221;||||||||&#8221; text_font_size=&#8221;20px&#8221; text_line_height=&#8221;2em&#8221; ul_font=&#8221;||||||||&#8221; header_font=&#8221;Roboto|700|||||||&#8221; header_text_align=&#8221;center&#8221; header_font_size=&#8221;80px&#8221; header_line_height=&#8221;1.2em&#8221; header_3_font=&#8221;Roboto|700||on|||||&#8221; header_3_text_align=&#8221;center&#8221; header_3_text_color=&#8221;#ffffff&#8221; header_3_font_size=&#8221;24px&#8221; header_3_letter_spacing=&#8221;10px&#8221; header_3_line_height=&#8221;2em&#8221; text_orientation=&#8221;center&#8221; background_layout=&#8221;dark&#8221; max_width=&#8221;800px&#8221; module_alignment=&#8221;center&#8221; text_font_size_last_edited=&#8221;off|desktop&#8221; header_font_size_tablet=&#8221;40px&#8221; header_font_size_phone=&#8221;32px&#8221; header_font_size_last_edited=&#8221;on|phone&#8221; header_3_font_size_tablet=&#8221;16px&#8221; header_3_font_size_phone=&#8221;14px&#8221; header_3_font_size_last_edited=&#8221;on|phone&#8221; header_3_letter_spacing_tablet=&#8221;5px&#8221; header_3_letter_spacing_phone=&#8221;&#8221; header_3_letter_spacing_last_edited=&#8221;on|tablet&#8221; global_colors_info=&#8221;{}&#8221;]<\/p>\n<h1 style=\"text-align: center;\"><strong>Documentation<\/strong><\/h1>\n<p>[\/et_pb_text][\/et_pb_column][\/et_pb_row][\/et_pb_section][et_pb_section fb_built=&#8221;1&#8243; _builder_version=&#8221;4.16&#8243; background_color=&#8221;#ffffff&#8221; global_colors_info=&#8221;{}&#8221;][et_pb_row _builder_version=&#8221;4.16&#8243; global_colors_info=&#8221;{}&#8221;][et_pb_column type=&#8221;4_4&#8243; _builder_version=&#8221;4.16&#8243; global_colors_info=&#8221;{}&#8221;][et_pb_text _builder_version=&#8221;4.24.2&#8243; global_colors_info=&#8221;{}&#8221;]<span style=\"font-weight: 400;\"><strong>ACONE &#8211; Assessoria e Consultoria Empresarial Ltda.<\/strong>, always committed to complying with ethical and legal principles, hereby makes available its code of conduct and ethics, as well as internal integrity programs, in accordance with Law 12.846\/2013, which regulates and disciplines anti-corruption activities in companies.<\/span>[\/et_pb_text][\/et_pb_column][\/et_pb_row][et_pb_row column_structure=&#8221;3_4,1_4&#8243; _builder_version=&#8221;4.16&#8243; global_colors_info=&#8221;{}&#8221;][et_pb_column type=&#8221;3_4&#8243; _builder_version=&#8221;4.16&#8243; global_colors_info=&#8221;{}&#8221;][et_pb_text _builder_version=&#8221;4.24.2&#8243; global_colors_info=&#8221;{}&#8221;]<\/p>\n<h4><strong>CODE OF CONDUCT AND ETHICS<\/strong><\/h4>\n<p>[\/et_pb_text][et_pb_text _builder_version=&#8221;4.24.2&#8243; global_colors_info=&#8221;{}&#8221;]<\/p>\n<h4><strong>ARTICLES OF INCORPORATION<\/strong><\/h4>\n<p>[\/et_pb_text][et_pb_text _builder_version=&#8221;4.24.2&#8243; custom_padding=&#8221;0px|||||&#8221; global_colors_info=&#8221;{}&#8221;]<\/p>\n<h4><strong>DRAFT OF THIRD-PARTY SERVICES AGREEMENT<\/strong><\/h4>\n<p>[\/et_pb_text][et_pb_text _builder_version=&#8221;4.24.2&#8243; custom_padding=&#8221;0px|||||&#8221; global_colors_info=&#8221;{}&#8221;]<\/p>\n<h4><strong>ORGANIZATIONAL CHART<\/strong><\/h4>\n<p>[\/et_pb_text][et_pb_text _builder_version=&#8221;4.24.2&#8243; custom_padding=&#8221;0px|||||&#8221; global_colors_info=&#8221;{}&#8221;]<\/p>\n<h4><strong>PURCHASING POLICY<\/strong><\/h4>\n<p>[\/et_pb_text][et_pb_text _builder_version=&#8221;4.24.2&#8243; custom_padding=&#8221;0px|||||&#8221; global_colors_info=&#8221;{}&#8221;]<\/p>\n<h4><strong>PUBLIC SECTOR RELASHIONSHIP POLICY<\/strong><\/h4>\n<p>[\/et_pb_text][et_pb_text _builder_version=&#8221;4.24.2&#8243; custom_padding=&#8221;0px|||||&#8221; global_colors_info=&#8221;{}&#8221;]<\/p>\n<h4><strong>EMPLOYEE CONSENT FORM<\/strong><\/h4>\n<p>[\/et_pb_text][\/et_pb_column][et_pb_column type=&#8221;1_4&#8243; _builder_version=&#8221;4.16&#8243; global_colors_info=&#8221;{}&#8221;][et_pb_text _builder_version=&#8221;4.24.2&#8243; background_color=&#8221;#e09900&#8243; transform_scale=&#8221;111%|111%&#8221; width=&#8221;58%&#8221; custom_margin=&#8221;1px||||false|false&#8221; filter_contrast=&#8221;99%&#8221; link_option_url=&#8221;https:\/\/www.acone.com.br\/?page_id=2199&#038;lang=en&#8221; global_colors_info=&#8221;{}&#8221;]<\/p>\n<p style=\"text-align: center;\"><strong>VIEW<\/strong><\/p>\n<p>[\/et_pb_text][et_pb_text _builder_version=&#8221;4.24.2&#8243; background_color=&#8221;#e09900&#8243; transform_scale=&#8221;111%|111%&#8221; width=&#8221;58%&#8221; custom_margin=&#8221;33px||||false|false&#8221; filter_contrast=&#8221;99%&#8221; link_option_url=&#8221;https:\/\/www.acone.com.br\/?page_id=2208&#038;lang=en&#8221; hover_enabled=&#8221;0&#8243; global_colors_info=&#8221;{}&#8221; sticky_enabled=&#8221;0&#8243;]<\/p>\n<p style=\"text-align: center;\"><strong>VIEW<\/strong><\/p>\n<p>[\/et_pb_text][et_pb_text _builder_version=&#8221;4.24.2&#8243; background_color=&#8221;#e09900&#8243; transform_scale=&#8221;111%|111%&#8221; width=&#8221;58%&#8221; custom_margin=&#8221;33px||||false|false&#8221; filter_contrast=&#8221;99%&#8221; link_option_url=&#8221;https:\/\/www.acone.com.br\/?page_id=2203&#038;lang=en&#8221; global_colors_info=&#8221;{}&#8221;]<\/p>\n<p style=\"text-align: center;\"><strong>VIEW<\/strong><\/p>\n<p>[\/et_pb_text][et_pb_text _builder_version=&#8221;4.24.2&#8243; background_color=&#8221;#e09900&#8243; transform_scale=&#8221;111%|111%&#8221; width=&#8221;58%&#8221; custom_margin=&#8221;33px||||false|false&#8221; filter_contrast=&#8221;99%&#8221; link_option_url=&#8221;https:\/\/www.acone.com.br\/?page_id=2212&#038;lang=en&#8221; hover_enabled=&#8221;0&#8243; global_colors_info=&#8221;{}&#8221; sticky_enabled=&#8221;0&#8243;]<\/p>\n<p style=\"text-align: center;\"><strong>VIEW<\/strong><\/p>\n<p>[\/et_pb_text][et_pb_text _builder_version=&#8221;4.24.2&#8243; background_color=&#8221;#e09900&#8243; transform_scale=&#8221;111%|111%&#8221; width=&#8221;58%&#8221; custom_margin=&#8221;35px||||false|false&#8221; filter_contrast=&#8221;99%&#8221; link_option_url=&#8221;https:\/\/www.acone.com.br\/?page_id=2216&#038;lang=en&#8221; hover_enabled=&#8221;0&#8243; global_colors_info=&#8221;{}&#8221; sticky_enabled=&#8221;0&#8243;]<\/p>\n<p style=\"text-align: center;\"><strong>VIEW<\/strong><\/p>\n<p>[\/et_pb_text][et_pb_text _builder_version=&#8221;4.24.2&#8243; background_color=&#8221;#e09900&#8243; transform_scale=&#8221;111%|111%&#8221; width=&#8221;58%&#8221; custom_margin=&#8221;32px||||false|false&#8221; filter_contrast=&#8221;99%&#8221; link_option_url=&#8221;https:\/\/www.acone.com.br\/?page_id=2223&#038;lang=en&#8221; hover_enabled=&#8221;0&#8243; global_colors_info=&#8221;{}&#8221; sticky_enabled=&#8221;0&#8243;]<\/p>\n<p style=\"text-align: center;\"><strong>VIEW<\/strong><\/p>\n<p>[\/et_pb_text][et_pb_text _builder_version=&#8221;4.24.2&#8243; background_color=&#8221;#e09900&#8243; transform_scale=&#8221;111%|111%&#8221; width=&#8221;58%&#8221; custom_margin=&#8221;33px||||false|false&#8221; filter_contrast=&#8221;99%&#8221; link_option_url=&#8221;https:\/\/www.acone.com.br\/?page_id=2227&#038;lang=en&#8221; hover_enabled=&#8221;0&#8243; global_colors_info=&#8221;{}&#8221; sticky_enabled=&#8221;0&#8243;]<\/p>\n<p style=\"text-align: center;\"><strong>VIEW<\/strong><\/p>\n<p>[\/et_pb_text][\/et_pb_column][\/et_pb_row][\/et_pb_section][et_pb_section fb_built=&#8221;1&#8243; custom_padding_last_edited=&#8221;on|desktop&#8221; prev_background_color=&#8221;#ffffff&#8221; admin_label=&#8221;Call to action&#8221; _builder_version=&#8221;4.16&#8243; use_background_color_gradient=&#8221;on&#8221; background_color_gradient_direction=&#8221;130deg&#8221; background_color_gradient_stops=&#8221;#008B8B 25%|#003E3E 100%&#8221; background_color_gradient_start=&#8221;#008B8B&#8221; background_color_gradient_start_position=&#8221;25%&#8221; background_color_gradient_end=&#8221;#003E3E&#8221; background_image=&#8221;http:\/\/www.acone.com.br\/wp-content\/uploads\/2020\/04\/marketing-bg6-2048&#215;1076-2.png&#8221; parallax=&#8221;on&#8221; custom_padding=&#8221;16vw||7vw||false|false&#8221; custom_padding_tablet=&#8221;100px||100px||true&#8221; custom_padding_phone=&#8221;||||true&#8221; top_divider_style=&#8221;ramp2&#8243; top_divider_height=&#8221;250px&#8221; top_divider_flip=&#8221;vertical&#8221; top_divider_height_tablet=&#8221;150px&#8221; top_divider_height_phone=&#8221;110px&#8221; top_divider_height_last_edited=&#8221;on|phone&#8221; background_color_gradient_stops_tablet=&#8221;#008B8B 25%|#003E3E 100%&#8221; background_color_gradient_stops_phone=&#8221;#008B8B 25%|#003E3E 100%&#8221; global_module=&#8221;2056&#8243; saved_tabs=&#8221;all&#8221; global_colors_info=&#8221;{}&#8221;][et_pb_row module_class=&#8221; et_pb_row_fullwidth&#8221; _builder_version=&#8221;4.16&#8243; width=&#8221;89%&#8221; width_tablet=&#8221;80%&#8221; width_phone=&#8221;&#8221; width_last_edited=&#8221;on|desktop&#8221; max_width=&#8221;89%&#8221; max_width_tablet=&#8221;80%&#8221; max_width_phone=&#8221;&#8221; max_width_last_edited=&#8221;on|desktop&#8221; custom_margin_phone=&#8221;|||&#8221; custom_margin_last_edited=&#8221;off|desktop&#8221; custom_padding=&#8221;|||&#8221; make_fullwidth=&#8221;on&#8221; global_colors_info=&#8221;{}&#8221;][et_pb_column type=&#8221;4_4&#8243; _builder_version=&#8221;4.16&#8243; custom_padding=&#8221;|||&#8221; global_colors_info=&#8221;{}&#8221; custom_padding__hover=&#8221;|||&#8221;][et_pb_text _builder_version=&#8221;4.24.2&#8243; text_font=&#8221;||||||||&#8221; header_font=&#8221;||||||||&#8221; header_2_font=&#8221;Roboto|700|||||||&#8221; header_2_font_size=&#8221;50px&#8221; header_2_line_height=&#8221;1.4em&#8221; header_3_font=&#8221;Roboto|700||on|||||&#8221; header_3_text_align=&#8221;center&#8221; header_3_text_color=&#8221;#ffffff&#8221; header_3_font_size=&#8221;24px&#8221; header_3_letter_spacing=&#8221;5px&#8221; header_3_line_height=&#8221;2em&#8221; text_orientation=&#8221;center&#8221; background_layout=&#8221;dark&#8221; max_width=&#8221;850px&#8221; module_alignment=&#8221;center&#8221; custom_margin=&#8221;|||&#8221; custom_padding=&#8221;|||&#8221; text_font_size_last_edited=&#8221;off|desktop&#8221; header_2_font_size_tablet=&#8221;40px&#8221; header_2_font_size_phone=&#8221;32px&#8221; header_2_font_size_last_edited=&#8221;on|desktop&#8221; header_3_font_size_tablet=&#8221;16px&#8221; header_3_font_size_phone=&#8221;14px&#8221; header_3_font_size_last_edited=&#8221;on|phone&#8221; global_colors_info=&#8221;{}&#8221;]<\/p>\n<h3><strong>READY TO MAKE A CHANGE?<\/strong><\/h3>\n<h2><strong>We want to help you transform healthcare management in your municipality.<\/strong><\/h2>\n<p>[\/et_pb_text][et_pb_button button_url=&#8221;https:\/\/www.acone.com.br\/?page_id=2183&#038;lang=en&#8221; button_text=&#8221;Contact Us&#8221; button_alignment=&#8221;center&#8221; _builder_version=&#8221;4.24.2&#8243; custom_button=&#8221;on&#8221; button_text_size=&#8221;14px&#8221; button_text_color=&#8221;#00a9ed&#8221; button_bg_use_color_gradient=&#8221;on&#8221; button_bg_color_gradient_direction=&#8221;90deg&#8221; button_bg_color_gradient_stops=&#8221;#ffffff 0%|#ffffff 100%&#8221; button_bg_color_gradient_start=&#8221;#ffffff&#8221; button_bg_color_gradient_end=&#8221;#ffffff&#8221; button_border_width=&#8221;0px&#8221; button_border_color=&#8221;rgba(0,0,0,0)&#8221; button_border_radius=&#8221;4px&#8221; button_letter_spacing=&#8221;5px&#8221; button_font=&#8221;Roboto|700||on|||||&#8221; custom_margin=&#8221;|||&#8221; custom_padding=&#8221;18px|34px|18px|34px|true|true&#8221; box_shadow_style=&#8221;preset3&#8243; box_shadow_vertical=&#8221;20px&#8221; box_shadow_blur=&#8221;30px&#8221; box_shadow_spread=&#8221;-2px&#8221; box_shadow_color=&#8221;rgba(0,169,237,0.29)&#8221; button_letter_spacing_hover=&#8221;5.5px&#8221; global_colors_info=&#8221;{}&#8221; button_text_size__hover_enabled=&#8221;off&#8221; button_one_text_size__hover_enabled=&#8221;off&#8221; button_two_text_size__hover_enabled=&#8221;off&#8221; button_text_color__hover_enabled=&#8221;off&#8221; button_one_text_color__hover_enabled=&#8221;off&#8221; button_two_text_color__hover_enabled=&#8221;off&#8221; button_border_width__hover_enabled=&#8221;off&#8221; button_one_border_width__hover_enabled=&#8221;off&#8221; button_two_border_width__hover_enabled=&#8221;off&#8221; button_border_color__hover_enabled=&#8221;off&#8221; button_one_border_color__hover_enabled=&#8221;off&#8221; button_two_border_color__hover_enabled=&#8221;off&#8221; button_border_radius__hover_enabled=&#8221;off&#8221; button_one_border_radius__hover_enabled=&#8221;off&#8221; button_two_border_radius__hover_enabled=&#8221;off&#8221; button_letter_spacing__hover_enabled=&#8221;on&#8221; button_letter_spacing__hover=&#8221;5.5px&#8221; button_one_letter_spacing__hover_enabled=&#8221;off&#8221; button_two_letter_spacing__hover_enabled=&#8221;off&#8221; button_bg_color__hover_enabled=&#8221;off&#8221; button_one_bg_color__hover_enabled=&#8221;off&#8221; button_two_bg_color__hover_enabled=&#8221;off&#8221;][\/et_pb_button][\/et_pb_column][\/et_pb_row][\/et_pb_section]<\/p>\n","protected":false},"excerpt":{"rendered":"<p>ACONE Assessoria e Consultoria Empresarial LtdaDocumentationACONE &#8211; Assessoria e Consultoria Empresarial Ltda., always committed to complying with ethical and legal principles, hereby makes available its code of conduct and ethics, as well as internal integrity programs, in accordance with Law 12.846\/2013, which regulates and disciplines anti-corruption activities in companies.CODE OF CONDUCT AND ETHICSARTICLES OF INCORPORATIONDRAFT [&hellip;]<\/p>\n","protected":false},"author":1,"featured_media":0,"parent":0,"menu_order":1,"comment_status":"closed","ping_status":"closed","template":"","meta":{"_et_pb_use_builder":"on","_et_pb_old_content":"","_et_gb_content_width":"","footnotes":""},"class_list":["post-2193","page","type-page","status-publish","hentry"],"yoast_head":"<!-- This site is optimized with the Yoast SEO plugin v22.2 - https:\/\/yoast.com\/wordpress\/plugins\/seo\/ -->\n<title>Integrity Program | Assessoria e Consultoria Empresarial LTDA<\/title>\n<meta name=\"description\" content=\"A ACONE \u00e9 uma empresa conhecida pelo desenvolvimento de projetos para \u00e1rea de regula\u00e7\u00e3o do Sistema \u00danico de Sa\u00fade. Tendo como for\u00e7a motriz a inova\u00e7\u00e3o.\" \/>\n<meta name=\"robots\" content=\"index, follow, max-snippet:-1, max-image-preview:large, max-video-preview:-1\" \/>\n<link rel=\"canonical\" href=\"https:\/\/www.acone.com.br\/?page_id=2193&lang=en\" \/>\n<meta property=\"og:locale\" content=\"pt_BR\" \/>\n<meta property=\"og:type\" content=\"article\" \/>\n<meta property=\"og:title\" content=\"Integrity Program | Assessoria e Consultoria Empresarial LTDA\" \/>\n<meta property=\"og:description\" content=\"A ACONE \u00e9 uma empresa conhecida pelo desenvolvimento de projetos para \u00e1rea de regula\u00e7\u00e3o do Sistema \u00danico de Sa\u00fade. Tendo como for\u00e7a motriz a inova\u00e7\u00e3o.\" \/>\n<meta property=\"og:url\" content=\"https:\/\/www.acone.com.br\/?page_id=2193&amp;lang=en\" \/>\n<meta property=\"og:site_name\" content=\"Acone\" \/>\n<meta property=\"article:modified_time\" content=\"2024-07-19T12:39:12+00:00\" \/>\n<meta name=\"twitter:card\" content=\"summary_large_image\" \/>\n<meta name=\"twitter:label1\" content=\"Est. tempo de leitura\" \/>\n\t<meta name=\"twitter:data1\" content=\"1 minuto\" \/>\n<script type=\"application\/ld+json\" class=\"yoast-schema-graph\">{\"@context\":\"https:\/\/schema.org\",\"@graph\":[{\"@type\":\"WebPage\",\"@id\":\"https:\/\/www.acone.com.br\/?page_id=2193&lang=en\",\"url\":\"https:\/\/www.acone.com.br\/?page_id=2193&lang=en\",\"name\":\"Integrity Program | Assessoria e Consultoria Empresarial LTDA\",\"isPartOf\":{\"@id\":\"https:\/\/www.acone.com.br\/#website\"},\"datePublished\":\"2024-07-19T11:17:53+00:00\",\"dateModified\":\"2024-07-19T12:39:12+00:00\",\"description\":\"A ACONE \u00e9 uma empresa conhecida pelo desenvolvimento de projetos para \u00e1rea de regula\u00e7\u00e3o do Sistema \u00danico de Sa\u00fade. Tendo como for\u00e7a motriz a inova\u00e7\u00e3o.\",\"breadcrumb\":{\"@id\":\"https:\/\/www.acone.com.br\/?page_id=2193&lang=en#breadcrumb\"},\"inLanguage\":\"pt-BR\",\"potentialAction\":[{\"@type\":\"ReadAction\",\"target\":[\"https:\/\/www.acone.com.br\/?page_id=2193&lang=en\"]}]},{\"@type\":\"BreadcrumbList\",\"@id\":\"https:\/\/www.acone.com.br\/?page_id=2193&lang=en#breadcrumb\",\"itemListElement\":[{\"@type\":\"ListItem\",\"position\":1,\"name\":\"In\u00edcio\",\"item\":\"https:\/\/www.acone.com.br\/\"},{\"@type\":\"ListItem\",\"position\":2,\"name\":\"Integrity Program\"}]},{\"@type\":\"WebSite\",\"@id\":\"https:\/\/www.acone.com.br\/#website\",\"url\":\"https:\/\/www.acone.com.br\/\",\"name\":\"Guincho Aracaju\",\"description\":\"Acone Assessoria e Consultoria Empresarial LTDA\",\"potentialAction\":[{\"@type\":\"SearchAction\",\"target\":{\"@type\":\"EntryPoint\",\"urlTemplate\":\"https:\/\/www.acone.com.br\/?s={search_term_string}\"},\"query-input\":\"required name=search_term_string\"}],\"inLanguage\":\"pt-BR\"}]}<\/script>\n<!-- \/ Yoast SEO plugin. -->","yoast_head_json":{"title":"Integrity Program | Assessoria e Consultoria Empresarial LTDA","description":"A ACONE \u00e9 uma empresa conhecida pelo desenvolvimento de projetos para \u00e1rea de regula\u00e7\u00e3o do Sistema \u00danico de Sa\u00fade. Tendo como for\u00e7a motriz a inova\u00e7\u00e3o.","robots":{"index":"index","follow":"follow","max-snippet":"max-snippet:-1","max-image-preview":"max-image-preview:large","max-video-preview":"max-video-preview:-1"},"canonical":"https:\/\/www.acone.com.br\/?page_id=2193&lang=en","og_locale":"pt_BR","og_type":"article","og_title":"Integrity Program | Assessoria e Consultoria Empresarial LTDA","og_description":"A ACONE \u00e9 uma empresa conhecida pelo desenvolvimento de projetos para \u00e1rea de regula\u00e7\u00e3o do Sistema \u00danico de Sa\u00fade. Tendo como for\u00e7a motriz a inova\u00e7\u00e3o.","og_url":"https:\/\/www.acone.com.br\/?page_id=2193&lang=en","og_site_name":"Acone","article_modified_time":"2024-07-19T12:39:12+00:00","twitter_card":"summary_large_image","twitter_misc":{"Est. tempo de leitura":"1 minuto"},"schema":{"@context":"https:\/\/schema.org","@graph":[{"@type":"WebPage","@id":"https:\/\/www.acone.com.br\/?page_id=2193&lang=en","url":"https:\/\/www.acone.com.br\/?page_id=2193&lang=en","name":"Integrity Program | Assessoria e Consultoria Empresarial LTDA","isPartOf":{"@id":"https:\/\/www.acone.com.br\/#website"},"datePublished":"2024-07-19T11:17:53+00:00","dateModified":"2024-07-19T12:39:12+00:00","description":"A ACONE \u00e9 uma empresa conhecida pelo desenvolvimento de projetos para \u00e1rea de regula\u00e7\u00e3o do Sistema \u00danico de Sa\u00fade. Tendo como for\u00e7a motriz a inova\u00e7\u00e3o.","breadcrumb":{"@id":"https:\/\/www.acone.com.br\/?page_id=2193&lang=en#breadcrumb"},"inLanguage":"pt-BR","potentialAction":[{"@type":"ReadAction","target":["https:\/\/www.acone.com.br\/?page_id=2193&lang=en"]}]},{"@type":"BreadcrumbList","@id":"https:\/\/www.acone.com.br\/?page_id=2193&lang=en#breadcrumb","itemListElement":[{"@type":"ListItem","position":1,"name":"In\u00edcio","item":"https:\/\/www.acone.com.br\/"},{"@type":"ListItem","position":2,"name":"Integrity Program"}]},{"@type":"WebSite","@id":"https:\/\/www.acone.com.br\/#website","url":"https:\/\/www.acone.com.br\/","name":"Guincho Aracaju","description":"Acone Assessoria e Consultoria Empresarial LTDA","potentialAction":[{"@type":"SearchAction","target":{"@type":"EntryPoint","urlTemplate":"https:\/\/www.acone.com.br\/?s={search_term_string}"},"query-input":"required name=search_term_string"}],"inLanguage":"pt-BR"}]}},"_links":{"self":[{"href":"https:\/\/www.acone.com.br\/index.php?rest_route=\/wp\/v2\/pages\/2193","targetHints":{"allow":["GET"]}}],"collection":[{"href":"https:\/\/www.acone.com.br\/index.php?rest_route=\/wp\/v2\/pages"}],"about":[{"href":"https:\/\/www.acone.com.br\/index.php?rest_route=\/wp\/v2\/types\/page"}],"author":[{"embeddable":true,"href":"https:\/\/www.acone.com.br\/index.php?rest_route=\/wp\/v2\/users\/1"}],"replies":[{"embeddable":true,"href":"https:\/\/www.acone.com.br\/index.php?rest_route=%2Fwp%2Fv2%2Fcomments&post=2193"}],"version-history":[{"count":9,"href":"https:\/\/www.acone.com.br\/index.php?rest_route=\/wp\/v2\/pages\/2193\/revisions"}],"predecessor-version":[{"id":2230,"href":"https:\/\/www.acone.com.br\/index.php?rest_route=\/wp\/v2\/pages\/2193\/revisions\/2230"}],"wp:attachment":[{"href":"https:\/\/www.acone.com.br\/index.php?rest_route=%2Fwp%2Fv2%2Fmedia&parent=2193"}],"curies":[{"name":"wp","href":"https:\/\/api.w.org\/{rel}","templated":true}]}}